{"id":10,"date":"2025-03-14T16:39:48","date_gmt":"2025-03-14T16:39:48","guid":{"rendered":"https:\/\/unitalent.pt\/ey\/ai\/?page_id=10"},"modified":"2026-04-01T13:32:48","modified_gmt":"2026-04-01T13:32:48","slug":"homepage","status":"publish","type":"page","link":"https:\/\/unitalent.pt\/ey\/ai\/","title":{"rendered":"Homepage"},"content":{"rendered":"\n[et_pb_section admin_label=&#8221;section&#8221;]\n\t\t\t[et_pb_row admin_label=&#8221;row&#8221;]\n\t\t\t\t[et_pb_column type=&#8221;4_4&#8243;][et_pb_text admin_label=&#8221;Text&#8221;][\/et_pb_text][\/et_pb_column]\n\t\t\t[\/et_pb_row]\n\t\t[\/et_pb_section]\n","protected":false},"excerpt":{"rendered":"","protected":false},"author":1,"featured_media":0,"parent":0,"menu_order":0,"comment_status":"closed","ping_status":"closed","template":"","meta":{"_et_pb_use_builder":"on","_et_pb_old_content":"<!-- wp:divi\/placeholder \/-->","_et_gb_content_width":"","inline_featured_image":false,"footnotes":""},"class_list":["post-10","page","type-page","status-publish","hentry"],"yoast_head":"<!-- This site is optimized with the Yoast SEO plugin v27.3 - https:\/\/yoast.com\/product\/yoast-seo-wordpress\/ -->\n<title>EY AI Challenge<\/title>\n<meta name=\"description\" content=\"Agentic AI, Machine Learning, Reinforcement Learning, Cognitive Computing e Modelos Preditivos s\u00e3o alguns dos conceitos que vais ouvir durante o EY AI Challenge, o evento de intelig\u00eancia artificial que estamos a desenhar para ti, que \u00e9s aluno ou rec\u00e9m-diplomado de STEM e queres fazer um est\u00e1gio de ver\u00e3o ou come\u00e7ar a tua carreira a trabalhar em IA. Vem passar um dia especial na EY e aprender com quem est\u00e1 na vanguarda da tecnologia.\" \/>\n<meta name=\"robots\" content=\"index, follow, max-snippet:-1, max-image-preview:large, max-video-preview:-1\" \/>\n<link rel=\"canonical\" href=\"https:\/\/unitalent.pt\/ey\/ai\/\" \/>\n<meta property=\"og:locale\" content=\"pt_PT\" \/>\n<meta property=\"og:type\" content=\"article\" \/>\n<meta property=\"og:title\" content=\"EY AI Challenge\" \/>\n<meta property=\"og:description\" content=\"Agentic AI, Machine Learning, Reinforcement Learning, Cognitive Computing e Modelos Preditivos s\u00e3o alguns dos conceitos que vais ouvir durante o EY AI Challenge, o evento de intelig\u00eancia artificial que estamos a desenhar para ti, que \u00e9s aluno ou rec\u00e9m-diplomado de STEM e queres fazer um est\u00e1gio de ver\u00e3o ou come\u00e7ar a tua carreira a trabalhar em IA. Vem passar um dia especial na EY e aprender com quem est\u00e1 na vanguarda da tecnologia.\" \/>\n<meta property=\"og:url\" content=\"https:\/\/unitalent.pt\/ey\/ai\/\" \/>\n<meta property=\"og:site_name\" content=\"EY AI Challenge\" \/>\n<meta property=\"article:modified_time\" content=\"2026-04-01T13:32:48+00:00\" \/>\n<meta property=\"og:image\" content=\"https:\/\/unitalent.pt\/ey\/ai\/wp-content\/uploads\/2025\/03\/Metatag-EY-AIChallenge.jpg\" \/>\n\t<meta property=\"og:image:width\" content=\"2500\" \/>\n\t<meta property=\"og:image:height\" content=\"1308\" \/>\n\t<meta property=\"og:image:type\" content=\"image\/jpeg\" \/>\n<meta name=\"twitter:card\" content=\"summary_large_image\" \/>\n<script type=\"application\/ld+json\" class=\"yoast-schema-graph\">{\"@context\":\"https:\\\/\\\/schema.org\",\"@graph\":[{\"@type\":\"WebPage\",\"@id\":\"https:\\\/\\\/unitalent.pt\\\/ey\\\/ai\\\/\",\"url\":\"https:\\\/\\\/unitalent.pt\\\/ey\\\/ai\\\/\",\"name\":\"EY AI Challenge\",\"isPartOf\":{\"@id\":\"https:\\\/\\\/unitalent.pt\\\/ey\\\/ai\\\/#website\"},\"datePublished\":\"2025-03-14T16:39:48+00:00\",\"dateModified\":\"2026-04-01T13:32:48+00:00\",\"description\":\"Agentic AI, Machine Learning, Reinforcement Learning, Cognitive Computing e Modelos Preditivos s\u00e3o alguns dos conceitos que vais ouvir durante o EY AI Challenge, o evento de intelig\u00eancia artificial que estamos a desenhar para ti, que \u00e9s aluno ou rec\u00e9m-diplomado de STEM e queres fazer um est\u00e1gio de ver\u00e3o ou come\u00e7ar a tua carreira a trabalhar em IA. Vem passar um dia especial na EY e aprender com quem est\u00e1 na vanguarda da tecnologia.\",\"breadcrumb\":{\"@id\":\"https:\\\/\\\/unitalent.pt\\\/ey\\\/ai\\\/#breadcrumb\"},\"inLanguage\":\"pt-PT\",\"potentialAction\":[{\"@type\":\"ReadAction\",\"target\":[\"https:\\\/\\\/unitalent.pt\\\/ey\\\/ai\\\/\"]}]},{\"@type\":\"BreadcrumbList\",\"@id\":\"https:\\\/\\\/unitalent.pt\\\/ey\\\/ai\\\/#breadcrumb\",\"itemListElement\":[{\"@type\":\"ListItem\",\"position\":1,\"name\":\"In\u00edcio\",\"item\":\"https:\\\/\\\/unitalent.pt\\\/ey\\\/ai\\\/\"},{\"@type\":\"ListItem\",\"position\":2,\"name\":\"Homepage\"}]},{\"@type\":\"WebSite\",\"@id\":\"https:\\\/\\\/unitalent.pt\\\/ey\\\/ai\\\/#website\",\"url\":\"https:\\\/\\\/unitalent.pt\\\/ey\\\/ai\\\/\",\"name\":\"EY AI Challenge\",\"description\":\"Agentic AI, Machine Learning, Reinforcement Learning, Cognitive Computing e Modelos Preditivos s\u00e3o alguns dos conceitos que vais ouvir durante o EY AI Challenge, o evento de intelig\u00eancia artificial que estamos a desenhar para ti, que \u00e9s aluno ou rec\u00e9m-diplomado de STEM e queres fazer um est\u00e1gio de ver\u00e3o ou come\u00e7ar a tua carreira a trabalhar em IA. Vem passar um dia especial na EY e aprender com quem est\u00e1 na vanguarda da tecnologia.\",\"potentialAction\":[{\"@type\":\"SearchAction\",\"target\":{\"@type\":\"EntryPoint\",\"urlTemplate\":\"https:\\\/\\\/unitalent.pt\\\/ey\\\/ai\\\/?s={search_term_string}\"},\"query-input\":{\"@type\":\"PropertyValueSpecification\",\"valueRequired\":true,\"valueName\":\"search_term_string\"}}],\"inLanguage\":\"pt-PT\"}]}<\/script>\n<!-- \/ Yoast SEO plugin. -->","yoast_head_json":{"title":"EY AI Challenge","description":"Agentic AI, Machine Learning, Reinforcement Learning, Cognitive Computing e Modelos Preditivos s\u00e3o alguns dos conceitos que vais ouvir durante o EY AI Challenge, o evento de intelig\u00eancia artificial que estamos a desenhar para ti, que \u00e9s aluno ou rec\u00e9m-diplomado de STEM e queres fazer um est\u00e1gio de ver\u00e3o ou come\u00e7ar a tua carreira a trabalhar em IA. Vem passar um dia especial na EY e aprender com quem est\u00e1 na vanguarda da tecnologia.","robots":{"index":"index","follow":"follow","max-snippet":"max-snippet:-1","max-image-preview":"max-image-preview:large","max-video-preview":"max-video-preview:-1"},"canonical":"https:\/\/unitalent.pt\/ey\/ai\/","og_locale":"pt_PT","og_type":"article","og_title":"EY AI Challenge","og_description":"Agentic AI, Machine Learning, Reinforcement Learning, Cognitive Computing e Modelos Preditivos s\u00e3o alguns dos conceitos que vais ouvir durante o EY AI Challenge, o evento de intelig\u00eancia artificial que estamos a desenhar para ti, que \u00e9s aluno ou rec\u00e9m-diplomado de STEM e queres fazer um est\u00e1gio de ver\u00e3o ou come\u00e7ar a tua carreira a trabalhar em IA. Vem passar um dia especial na EY e aprender com quem est\u00e1 na vanguarda da tecnologia.","og_url":"https:\/\/unitalent.pt\/ey\/ai\/","og_site_name":"EY AI Challenge","article_modified_time":"2026-04-01T13:32:48+00:00","og_image":[{"width":2500,"height":1308,"url":"https:\/\/unitalent.pt\/ey\/ai\/wp-content\/uploads\/2025\/03\/Metatag-EY-AIChallenge.jpg","type":"image\/jpeg"}],"twitter_card":"summary_large_image","schema":{"@context":"https:\/\/schema.org","@graph":[{"@type":"WebPage","@id":"https:\/\/unitalent.pt\/ey\/ai\/","url":"https:\/\/unitalent.pt\/ey\/ai\/","name":"EY AI Challenge","isPartOf":{"@id":"https:\/\/unitalent.pt\/ey\/ai\/#website"},"datePublished":"2025-03-14T16:39:48+00:00","dateModified":"2026-04-01T13:32:48+00:00","description":"Agentic AI, Machine Learning, Reinforcement Learning, Cognitive Computing e Modelos Preditivos s\u00e3o alguns dos conceitos que vais ouvir durante o EY AI Challenge, o evento de intelig\u00eancia artificial que estamos a desenhar para ti, que \u00e9s aluno ou rec\u00e9m-diplomado de STEM e queres fazer um est\u00e1gio de ver\u00e3o ou come\u00e7ar a tua carreira a trabalhar em IA. Vem passar um dia especial na EY e aprender com quem est\u00e1 na vanguarda da tecnologia.","breadcrumb":{"@id":"https:\/\/unitalent.pt\/ey\/ai\/#breadcrumb"},"inLanguage":"pt-PT","potentialAction":[{"@type":"ReadAction","target":["https:\/\/unitalent.pt\/ey\/ai\/"]}]},{"@type":"BreadcrumbList","@id":"https:\/\/unitalent.pt\/ey\/ai\/#breadcrumb","itemListElement":[{"@type":"ListItem","position":1,"name":"In\u00edcio","item":"https:\/\/unitalent.pt\/ey\/ai\/"},{"@type":"ListItem","position":2,"name":"Homepage"}]},{"@type":"WebSite","@id":"https:\/\/unitalent.pt\/ey\/ai\/#website","url":"https:\/\/unitalent.pt\/ey\/ai\/","name":"EY AI Challenge","description":"Agentic AI, Machine Learning, Reinforcement Learning, Cognitive Computing e Modelos Preditivos s\u00e3o alguns dos conceitos que vais ouvir durante o EY AI Challenge, o evento de intelig\u00eancia artificial que estamos a desenhar para ti, que \u00e9s aluno ou rec\u00e9m-diplomado de STEM e queres fazer um est\u00e1gio de ver\u00e3o ou come\u00e7ar a tua carreira a trabalhar em IA. Vem passar um dia especial na EY e aprender com quem est\u00e1 na vanguarda da tecnologia.","potentialAction":[{"@type":"SearchAction","target":{"@type":"EntryPoint","urlTemplate":"https:\/\/unitalent.pt\/ey\/ai\/?s={search_term_string}"},"query-input":{"@type":"PropertyValueSpecification","valueRequired":true,"valueName":"search_term_string"}}],"inLanguage":"pt-PT"}]}},"_links":{"self":[{"href":"https:\/\/unitalent.pt\/ey\/ai\/index.php\/wp-json\/wp\/v2\/pages\/10","targetHints":{"allow":["GET"]}}],"collection":[{"href":"https:\/\/unitalent.pt\/ey\/ai\/index.php\/wp-json\/wp\/v2\/pages"}],"about":[{"href":"https:\/\/unitalent.pt\/ey\/ai\/index.php\/wp-json\/wp\/v2\/types\/page"}],"author":[{"embeddable":true,"href":"https:\/\/unitalent.pt\/ey\/ai\/index.php\/wp-json\/wp\/v2\/users\/1"}],"replies":[{"embeddable":true,"href":"https:\/\/unitalent.pt\/ey\/ai\/index.php\/wp-json\/wp\/v2\/comments?post=10"}],"version-history":[{"count":4,"href":"https:\/\/unitalent.pt\/ey\/ai\/index.php\/wp-json\/wp\/v2\/pages\/10\/revisions"}],"predecessor-version":[{"id":323,"href":"https:\/\/unitalent.pt\/ey\/ai\/index.php\/wp-json\/wp\/v2\/pages\/10\/revisions\/323"}],"wp:attachment":[{"href":"https:\/\/unitalent.pt\/ey\/ai\/index.php\/wp-json\/wp\/v2\/media?parent=10"}],"curies":[{"name":"wp","href":"https:\/\/api.w.org\/{rel}","templated":true}]}}