{"id":9,"date":"2025-01-23T17:48:38","date_gmt":"2025-01-23T17:48:38","guid":{"rendered":"https:\/\/unitalent.pt\/ey\/?page_id=9"},"modified":"2026-01-19T11:37:48","modified_gmt":"2026-01-19T11:37:48","slug":"homepage","status":"publish","type":"page","link":"https:\/\/unitalent.pt\/ey\/","title":{"rendered":"Homepage"},"content":{"rendered":"","protected":false},"excerpt":{"rendered":"","protected":false},"author":1,"featured_media":0,"parent":0,"menu_order":0,"comment_status":"closed","ping_status":"closed","template":"","meta":{"_et_pb_use_builder":"on","_et_pb_old_content":"","_et_gb_content_width":"","footnotes":""},"class_list":["post-9","page","type-page","status-publish","hentry"],"yoast_head":"<!-- This site is optimized with the Yoast SEO plugin v24.6 - https:\/\/yoast.com\/wordpress\/plugins\/seo\/ -->\n<title>Programa de Embaixadores EY 2026: Transforma o teu Potencial<\/title>\n<meta name=\"description\" content=\"Candidata-te ao Programa de Embaixadores EY at\u00e9 9 de mar\u00e7o. Desenvolve compet\u00eancias, faz networking global e representa a EY no teu campus. Sabe mais aqui!\" \/>\n<meta name=\"robots\" content=\"index, follow, max-snippet:-1, max-image-preview:large, max-video-preview:-1\" \/>\n<link rel=\"canonical\" href=\"https:\/\/unitalent.pt\/ey\/\" \/>\n<meta property=\"og:locale\" content=\"pt_PT\" \/>\n<meta property=\"og:type\" content=\"article\" \/>\n<meta property=\"og:title\" content=\"Programa de Embaixadores EY 2026: Transforma o teu Potencial\" \/>\n<meta property=\"og:description\" content=\"Candidata-te ao Programa de Embaixadores EY at\u00e9 9 de mar\u00e7o. Desenvolve compet\u00eancias, faz networking global e representa a EY no teu campus. Sabe mais aqui!\" \/>\n<meta property=\"og:url\" content=\"https:\/\/unitalent.pt\/ey\/\" \/>\n<meta property=\"og:site_name\" content=\"Embaixadores EY\" \/>\n<meta property=\"article:modified_time\" content=\"2026-01-19T11:37:48+00:00\" \/>\n<meta property=\"og:image\" content=\"https:\/\/unitalent.pt\/ey\/wp-content\/uploads\/2026\/01\/Metatag.jpeg\" \/>\n\t<meta property=\"og:image:width\" content=\"1201\" \/>\n\t<meta property=\"og:image:height\" content=\"631\" \/>\n\t<meta property=\"og:image:type\" content=\"image\/jpeg\" \/>\n<meta name=\"twitter:card\" content=\"summary_large_image\" \/>\n<script type=\"application\/ld+json\" class=\"yoast-schema-graph\">{\"@context\":\"https:\/\/schema.org\",\"@graph\":[{\"@type\":\"WebPage\",\"@id\":\"https:\/\/unitalent.pt\/ey\/\",\"url\":\"https:\/\/unitalent.pt\/ey\/\",\"name\":\"Programa de Embaixadores EY 2026: Transforma o teu Potencial\",\"isPartOf\":{\"@id\":\"https:\/\/unitalent.pt\/ey\/#website\"},\"datePublished\":\"2025-01-23T17:48:38+00:00\",\"dateModified\":\"2026-01-19T11:37:48+00:00\",\"description\":\"Candidata-te ao Programa de Embaixadores EY at\u00e9 9 de mar\u00e7o. Desenvolve compet\u00eancias, faz networking global e representa a EY no teu campus. Sabe mais aqui!\",\"breadcrumb\":{\"@id\":\"https:\/\/unitalent.pt\/ey\/#breadcrumb\"},\"inLanguage\":\"pt-PT\",\"potentialAction\":[{\"@type\":\"ReadAction\",\"target\":[\"https:\/\/unitalent.pt\/ey\/\"]}]},{\"@type\":\"BreadcrumbList\",\"@id\":\"https:\/\/unitalent.pt\/ey\/#breadcrumb\",\"itemListElement\":[{\"@type\":\"ListItem\",\"position\":1,\"name\":\"In\u00edcio\",\"item\":\"https:\/\/unitalent.pt\/ey\/\"},{\"@type\":\"ListItem\",\"position\":2,\"name\":\"Homepage\"}]},{\"@type\":\"WebSite\",\"@id\":\"https:\/\/unitalent.pt\/ey\/#website\",\"url\":\"https:\/\/unitalent.pt\/ey\/\",\"name\":\"Programa de Embaixadores EY 2026: Transforma o teu Potencial\",\"description\":\"Candidata-te ao Programa de Embaixadores EY at\u00e9 9 de mar\u00e7o. Desenvolve compet\u00eancias, faz networking global e representa a EY no teu campus. Sabe mais aqui!\",\"alternateName\":\"Programa de Embaixadores EY 2026\",\"potentialAction\":[{\"@type\":\"SearchAction\",\"target\":{\"@type\":\"EntryPoint\",\"urlTemplate\":\"https:\/\/unitalent.pt\/ey\/?s={search_term_string}\"},\"query-input\":{\"@type\":\"PropertyValueSpecification\",\"valueRequired\":true,\"valueName\":\"search_term_string\"}}],\"inLanguage\":\"pt-PT\"}]}<\/script>\n<!-- \/ Yoast SEO plugin. -->","yoast_head_json":{"title":"Programa de Embaixadores EY 2026: Transforma o teu Potencial","description":"Candidata-te ao Programa de Embaixadores EY at\u00e9 9 de mar\u00e7o. Desenvolve compet\u00eancias, faz networking global e representa a EY no teu campus. Sabe mais aqui!","robots":{"index":"index","follow":"follow","max-snippet":"max-snippet:-1","max-image-preview":"max-image-preview:large","max-video-preview":"max-video-preview:-1"},"canonical":"https:\/\/unitalent.pt\/ey\/","og_locale":"pt_PT","og_type":"article","og_title":"Programa de Embaixadores EY 2026: Transforma o teu Potencial","og_description":"Candidata-te ao Programa de Embaixadores EY at\u00e9 9 de mar\u00e7o. Desenvolve compet\u00eancias, faz networking global e representa a EY no teu campus. Sabe mais aqui!","og_url":"https:\/\/unitalent.pt\/ey\/","og_site_name":"Embaixadores EY","article_modified_time":"2026-01-19T11:37:48+00:00","og_image":[{"width":1201,"height":631,"url":"https:\/\/unitalent.pt\/ey\/wp-content\/uploads\/2026\/01\/Metatag.jpeg","type":"image\/jpeg"}],"twitter_card":"summary_large_image","schema":{"@context":"https:\/\/schema.org","@graph":[{"@type":"WebPage","@id":"https:\/\/unitalent.pt\/ey\/","url":"https:\/\/unitalent.pt\/ey\/","name":"Programa de Embaixadores EY 2026: Transforma o teu Potencial","isPartOf":{"@id":"https:\/\/unitalent.pt\/ey\/#website"},"datePublished":"2025-01-23T17:48:38+00:00","dateModified":"2026-01-19T11:37:48+00:00","description":"Candidata-te ao Programa de Embaixadores EY at\u00e9 9 de mar\u00e7o. Desenvolve compet\u00eancias, faz networking global e representa a EY no teu campus. Sabe mais aqui!","breadcrumb":{"@id":"https:\/\/unitalent.pt\/ey\/#breadcrumb"},"inLanguage":"pt-PT","potentialAction":[{"@type":"ReadAction","target":["https:\/\/unitalent.pt\/ey\/"]}]},{"@type":"BreadcrumbList","@id":"https:\/\/unitalent.pt\/ey\/#breadcrumb","itemListElement":[{"@type":"ListItem","position":1,"name":"In\u00edcio","item":"https:\/\/unitalent.pt\/ey\/"},{"@type":"ListItem","position":2,"name":"Homepage"}]},{"@type":"WebSite","@id":"https:\/\/unitalent.pt\/ey\/#website","url":"https:\/\/unitalent.pt\/ey\/","name":"Programa de Embaixadores EY 2026: Transforma o teu Potencial","description":"Candidata-te ao Programa de Embaixadores EY at\u00e9 9 de mar\u00e7o. Desenvolve compet\u00eancias, faz networking global e representa a EY no teu campus. Sabe mais aqui!","alternateName":"Programa de Embaixadores EY 2026","potentialAction":[{"@type":"SearchAction","target":{"@type":"EntryPoint","urlTemplate":"https:\/\/unitalent.pt\/ey\/?s={search_term_string}"},"query-input":{"@type":"PropertyValueSpecification","valueRequired":true,"valueName":"search_term_string"}}],"inLanguage":"pt-PT"}]}},"_links":{"self":[{"href":"https:\/\/unitalent.pt\/ey\/wp-json\/wp\/v2\/pages\/9","targetHints":{"allow":["GET"]}}],"collection":[{"href":"https:\/\/unitalent.pt\/ey\/wp-json\/wp\/v2\/pages"}],"about":[{"href":"https:\/\/unitalent.pt\/ey\/wp-json\/wp\/v2\/types\/page"}],"author":[{"embeddable":true,"href":"https:\/\/unitalent.pt\/ey\/wp-json\/wp\/v2\/users\/1"}],"replies":[{"embeddable":true,"href":"https:\/\/unitalent.pt\/ey\/wp-json\/wp\/v2\/comments?post=9"}],"version-history":[{"count":4,"href":"https:\/\/unitalent.pt\/ey\/wp-json\/wp\/v2\/pages\/9\/revisions"}],"predecessor-version":[{"id":987511345,"href":"https:\/\/unitalent.pt\/ey\/wp-json\/wp\/v2\/pages\/9\/revisions\/987511345"}],"wp:attachment":[{"href":"https:\/\/unitalent.pt\/ey\/wp-json\/wp\/v2\/media?parent=9"}],"curies":[{"name":"wp","href":"https:\/\/api.w.org\/{rel}","templated":true}]}}